{"id":2377,"date":"2015-11-23T22:53:43","date_gmt":"2015-11-23T21:53:43","guid":{"rendered":"http:\/\/www.cafe-mann.de\/?page_id=2377"},"modified":"2015-12-30T16:33:17","modified_gmt":"2015-12-30T15:33:17","slug":"maschinen-tuning","status":"publish","type":"page","link":"http:\/\/www.cafe-mann.de\/?page_id=2377","title":{"rendered":"Maschinen Tuning"},"content":{"rendered":"<div id=\"pl-2377\"  class=\"panel-layout\" ><div id=\"pg-2377-0\"  class=\"panel-grid panel-no-style\" ><div id=\"pgc-2377-0-0\"  class=\"panel-grid-cell\" ><div id=\"panel-2377-0-0-0\" class=\"so-panel widget widget_black-studio-tinymce widget_black_studio_tinymce panel-first-child panel-last-child\" data-index=\"0\" ><div class=\"textwidget\"><p>Viele Maschinen von heute sind immer wieder aus den selben Materialien\u2026<\/p>\n<p>Edelstahl und Kunststoff dominieren die Optik der Espresso- und Kaffeemaschinen. Wir haben es uns zur Aufgabe gemacht Ihre Maschine so zu versch\u00f6nern , dass Sie mit der Einrichtung des Lokals verschmilzt oder sich von dieser extrem abhebt. Wir arbeiten mit Kunststoff- Beschichtungen, Folierungen, Lackierungen sowie Leder- Kunstleder.<br \/>Alle Materialien sind \u00e4u\u00dferst strapazierf\u00e4hig sowie hitze- bzw. feuchtigkeitsresistent\u00a0 !!!<\/p>\n<p><strong>Besonderer Dank geb\u00fchrt der Firma D &amp; S Autoservice aus Karlsruhe !!!<\/strong><br \/><strong>Die Jungs lackieren einfach jede Oberfl\u00e4che, egal wie ausgefallen der Wunsch auch <\/strong><strong>sein mag.<\/strong><\/p>\n<p>Kommen Sie mit Ihren Ideen auf uns zu\u2026<\/p>\n<p>Ihr CAFE MANN TEAM<\/p>\n<\/div><\/div><\/div><\/div><div id=\"pg-2377-1\"  class=\"panel-grid panel-no-style\" ><div id=\"pgc-2377-1-0\"  class=\"panel-grid-cell\" ><div id=\"panel-2377-1-0-0\" class=\"so-panel widget widget_black-studio-tinymce widget_black_studio_tinymce panel-first-child panel-last-child\" data-index=\"1\" ><h3 class=\"widget-title\">Maschine vor dem Tuning:<\/h3><div class=\"textwidget\"><\/div><\/div><\/div><\/div><div id=\"pg-2377-2\"  class=\"panel-grid panel-no-style\" ><div id=\"pgc-2377-2-0\"  class=\"panel-grid-cell\" ><div id=\"panel-2377-2-0-0\" class=\"so-panel widget widget_black-studio-tinymce widget_black_studio_tinymce panel-first-child panel-last-child\" data-index=\"2\" ><div class=\"textwidget\"><p><a href=\"http:\/\/www.cafe-mann.de\/wp-content\/uploads\/2015\/11\/IMG_0941.jpg\"  rel=\"lightbox[2377] attachment wp-att-2428\"><img loading=\"lazy\" decoding=\"async\" class=\"aligncenter size-full wp-image-2428\" src=\"http:\/\/www.cafe-mann.de\/wp-content\/uploads\/2015\/11\/IMG_0941.jpg\" alt=\"IMG_0941\" width=\"3264\" height=\"2448\" srcset=\"http:\/\/www.cafe-mann.de\/wp-content\/uploads\/2015\/11\/IMG_0941.jpg 3264w, http:\/\/www.cafe-mann.de\/wp-content\/uploads\/2015\/11\/IMG_0941-300x225.jpg 300w, http:\/\/www.cafe-mann.de\/wp-content\/uploads\/2015\/11\/IMG_0941-768x576.jpg 768w, http:\/\/www.cafe-mann.de\/wp-content\/uploads\/2015\/11\/IMG_0941-1024x768.jpg 1024w, http:\/\/www.cafe-mann.de\/wp-content\/uploads\/2015\/11\/IMG_0941-555x416.jpg 555w, http:\/\/www.cafe-mann.de\/wp-content\/uploads\/2015\/11\/IMG_0941-100x75.jpg 100w\" sizes=\"auto, (max-width: 3264px) 100vw, 3264px\" \/><\/a><\/p>\n<\/div><\/div><\/div><div id=\"pgc-2377-2-1\"  class=\"panel-grid-cell\" ><div id=\"panel-2377-2-1-0\" class=\"so-panel widget widget_black-studio-tinymce widget_black_studio_tinymce panel-first-child panel-last-child\" data-index=\"3\" ><div class=\"textwidget\"><p><a href=\"http:\/\/www.cafe-mann.de\/wp-content\/uploads\/2015\/11\/IMG_0946.jpg\"  rel=\"lightbox[2377] attachment wp-att-2429\"><img loading=\"lazy\" decoding=\"async\" class=\"aligncenter wp-image-2429 size-full\" src=\"http:\/\/www.cafe-mann.de\/wp-content\/uploads\/2015\/11\/IMG_0946.jpg\" alt=\"IMG_0946\" width=\"3264\" height=\"2448\" srcset=\"http:\/\/www.cafe-mann.de\/wp-content\/uploads\/2015\/11\/IMG_0946.jpg 3264w, http:\/\/www.cafe-mann.de\/wp-content\/uploads\/2015\/11\/IMG_0946-300x225.jpg 300w, http:\/\/www.cafe-mann.de\/wp-content\/uploads\/2015\/11\/IMG_0946-768x576.jpg 768w, http:\/\/www.cafe-mann.de\/wp-content\/uploads\/2015\/11\/IMG_0946-1024x768.jpg 1024w, http:\/\/www.cafe-mann.de\/wp-content\/uploads\/2015\/11\/IMG_0946-555x416.jpg 555w, http:\/\/www.cafe-mann.de\/wp-content\/uploads\/2015\/11\/IMG_0946-100x75.jpg 100w\" sizes=\"auto, (max-width: 3264px) 100vw, 3264px\" \/><\/a><\/p>\n<\/div><\/div><\/div><div id=\"pgc-2377-2-2\"  class=\"panel-grid-cell\" ><div id=\"panel-2377-2-2-0\" class=\"so-panel widget widget_black-studio-tinymce widget_black_studio_tinymce panel-first-child panel-last-child\" data-index=\"4\" ><div class=\"textwidget\"><p><a href=\"http:\/\/www.cafe-mann.de\/wp-content\/uploads\/2015\/11\/IMG_0949.jpg\"  rel=\"lightbox[2377] attachment wp-att-2430\"><img loading=\"lazy\" decoding=\"async\" class=\"aligncenter size-full wp-image-2430\" src=\"http:\/\/www.cafe-mann.de\/wp-content\/uploads\/2015\/11\/IMG_0949.jpg\" alt=\"IMG_0949\" width=\"3264\" height=\"2448\" srcset=\"http:\/\/www.cafe-mann.de\/wp-content\/uploads\/2015\/11\/IMG_0949.jpg 3264w, http:\/\/www.cafe-mann.de\/wp-content\/uploads\/2015\/11\/IMG_0949-300x225.jpg 300w, http:\/\/www.cafe-mann.de\/wp-content\/uploads\/2015\/11\/IMG_0949-768x576.jpg 768w, http:\/\/www.cafe-mann.de\/wp-content\/uploads\/2015\/11\/IMG_0949-1024x768.jpg 1024w, http:\/\/www.cafe-mann.de\/wp-content\/uploads\/2015\/11\/IMG_0949-555x416.jpg 555w, http:\/\/www.cafe-mann.de\/wp-content\/uploads\/2015\/11\/IMG_0949-100x75.jpg 100w\" sizes=\"auto, (max-width: 3264px) 100vw, 3264px\" \/><\/a><\/p>\n<\/div><\/div><\/div><\/div><div id=\"pg-2377-3\"  class=\"panel-grid panel-no-style\" ><div id=\"pgc-2377-3-0\"  class=\"panel-grid-cell\" ><div id=\"panel-2377-3-0-0\" class=\"so-panel widget widget_black-studio-tinymce widget_black_studio_tinymce panel-first-child panel-last-child\" data-index=\"5\" ><h3 class=\"widget-title\">Maschine nach dem Tuning:<\/h3><div class=\"textwidget\"><\/div><\/div><\/div><\/div><div id=\"pg-2377-4\"  class=\"panel-grid panel-no-style\" ><div id=\"pgc-2377-4-0\"  class=\"panel-grid-cell\" ><div id=\"panel-2377-4-0-0\" class=\"so-panel widget widget_black-studio-tinymce widget_black_studio_tinymce panel-first-child panel-last-child\" data-index=\"6\" ><div class=\"textwidget\"><p><a href=\"http:\/\/www.cafe-mann.de\/wp-content\/uploads\/2015\/11\/IMG_0969.jpg\"  rel=\"lightbox[2377] attachment wp-att-2432\"><img loading=\"lazy\" decoding=\"async\" src=\"http:\/\/www.cafe-mann.de\/wp-content\/uploads\/2015\/11\/IMG_0969.jpg\" alt=\"IMG_0969\" width=\"3264\" height=\"2448\" class=\"aligncenter size-full wp-image-2432\" srcset=\"http:\/\/www.cafe-mann.de\/wp-content\/uploads\/2015\/11\/IMG_0969.jpg 3264w, http:\/\/www.cafe-mann.de\/wp-content\/uploads\/2015\/11\/IMG_0969-300x225.jpg 300w, http:\/\/www.cafe-mann.de\/wp-content\/uploads\/2015\/11\/IMG_0969-768x576.jpg 768w, http:\/\/www.cafe-mann.de\/wp-content\/uploads\/2015\/11\/IMG_0969-1024x768.jpg 1024w, http:\/\/www.cafe-mann.de\/wp-content\/uploads\/2015\/11\/IMG_0969-555x416.jpg 555w, http:\/\/www.cafe-mann.de\/wp-content\/uploads\/2015\/11\/IMG_0969-100x75.jpg 100w\" sizes=\"auto, (max-width: 3264px) 100vw, 3264px\" \/><\/a><\/p>\n<\/div><\/div><\/div><div id=\"pgc-2377-4-1\"  class=\"panel-grid-cell\" ><div id=\"panel-2377-4-1-0\" class=\"so-panel widget widget_black-studio-tinymce widget_black_studio_tinymce panel-first-child panel-last-child\" data-index=\"7\" ><div class=\"textwidget\"><p><a href=\"http:\/\/www.cafe-mann.de\/wp-content\/uploads\/2015\/11\/IMG_0972.jpg\"  rel=\"lightbox[2377] attachment wp-att-2433\"><img loading=\"lazy\" decoding=\"async\" class=\"aligncenter size-full wp-image-2433\" src=\"http:\/\/www.cafe-mann.de\/wp-content\/uploads\/2015\/11\/IMG_0972.jpg\" alt=\"IMG_0972\" width=\"3264\" height=\"2448\" srcset=\"http:\/\/www.cafe-mann.de\/wp-content\/uploads\/2015\/11\/IMG_0972.jpg 3264w, http:\/\/www.cafe-mann.de\/wp-content\/uploads\/2015\/11\/IMG_0972-300x225.jpg 300w, http:\/\/www.cafe-mann.de\/wp-content\/uploads\/2015\/11\/IMG_0972-768x576.jpg 768w, http:\/\/www.cafe-mann.de\/wp-content\/uploads\/2015\/11\/IMG_0972-1024x768.jpg 1024w, http:\/\/www.cafe-mann.de\/wp-content\/uploads\/2015\/11\/IMG_0972-555x416.jpg 555w, http:\/\/www.cafe-mann.de\/wp-content\/uploads\/2015\/11\/IMG_0972-100x75.jpg 100w\" sizes=\"auto, (max-width: 3264px) 100vw, 3264px\" \/><\/a><\/p>\n<\/div><\/div><\/div><div id=\"pgc-2377-4-2\"  class=\"panel-grid-cell\" ><div id=\"panel-2377-4-2-0\" class=\"so-panel widget widget_black-studio-tinymce widget_black_studio_tinymce panel-first-child panel-last-child\" data-index=\"8\" ><div class=\"textwidget\"><p><a href=\"http:\/\/www.cafe-mann.de\/wp-content\/uploads\/2015\/11\/IMG_1440.jpg\"  rel=\"lightbox[2377] attachment wp-att-2434\"><img loading=\"lazy\" decoding=\"async\" class=\"aligncenter size-full wp-image-2434\" src=\"http:\/\/www.cafe-mann.de\/wp-content\/uploads\/2015\/11\/IMG_1440.jpg\" alt=\"IMG_1440\" width=\"640\" height=\"427\" srcset=\"http:\/\/www.cafe-mann.de\/wp-content\/uploads\/2015\/11\/IMG_1440.jpg 640w, http:\/\/www.cafe-mann.de\/wp-content\/uploads\/2015\/11\/IMG_1440-300x200.jpg 300w, http:\/\/www.cafe-mann.de\/wp-content\/uploads\/2015\/11\/IMG_1440-360x240.jpg 360w, http:\/\/www.cafe-mann.de\/wp-content\/uploads\/2015\/11\/IMG_1440-555x370.jpg 555w, http:\/\/www.cafe-mann.de\/wp-content\/uploads\/2015\/11\/IMG_1440-272x182.jpg 272w\" sizes=\"auto, (max-width: 640px) 100vw, 640px\" \/><\/a><\/p>\n<\/div><\/div><\/div><div id=\"pgc-2377-4-3\"  class=\"panel-grid-cell\" ><div id=\"panel-2377-4-3-0\" class=\"so-panel widget widget_black-studio-tinymce widget_black_studio_tinymce panel-first-child panel-last-child\" data-index=\"9\" ><div class=\"textwidget\"><p><a href=\"http:\/\/www.cafe-mann.de\/wp-content\/uploads\/2015\/11\/IMG_1444.jpg\"  rel=\"lightbox[2377] attachment wp-att-2435\"><img loading=\"lazy\" decoding=\"async\" class=\"aligncenter size-full wp-image-2435\" src=\"http:\/\/www.cafe-mann.de\/wp-content\/uploads\/2015\/11\/IMG_1444.jpg\" alt=\"IMG_1444\" width=\"640\" height=\"427\" srcset=\"http:\/\/www.cafe-mann.de\/wp-content\/uploads\/2015\/11\/IMG_1444.jpg 640w, http:\/\/www.cafe-mann.de\/wp-content\/uploads\/2015\/11\/IMG_1444-300x200.jpg 300w, http:\/\/www.cafe-mann.de\/wp-content\/uploads\/2015\/11\/IMG_1444-360x240.jpg 360w, http:\/\/www.cafe-mann.de\/wp-content\/uploads\/2015\/11\/IMG_1444-555x370.jpg 555w, http:\/\/www.cafe-mann.de\/wp-content\/uploads\/2015\/11\/IMG_1444-272x182.jpg 272w\" sizes=\"auto, (max-width: 640px) 100vw, 640px\" \/><\/a><\/p>\n<\/div><\/div><\/div><\/div><\/div>","protected":false},"excerpt":{"rendered":"<p>Viele Maschinen von heute sind immer wieder aus den selben Materialien\u2026Edelstahl und Kunststoff dominieren die Optik der Espresso- und Kaffeemaschinen. Wir haben es uns zur Aufgabe gemacht Ihre Maschine so zu versch\u00f6nern , dass Sie mit der Einrichtung des Lokals verschmilzt oder sich von dieser extrem abhebt. Wir arbeiten mit Kunststoff- Beschichtungen, Folierungen, Lackierungen sowie &hellip;<\/p>\n","protected":false},"author":1,"featured_media":0,"parent":0,"menu_order":0,"comment_status":"closed","ping_status":"closed","template":"","meta":{"footnotes":""},"class_list":["post-2377","page","type-page","status-publish","hentry"],"_links":{"self":[{"href":"http:\/\/www.cafe-mann.de\/index.php?rest_route=\/wp\/v2\/pages\/2377","targetHints":{"allow":["GET"]}}],"collection":[{"href":"http:\/\/www.cafe-mann.de\/index.php?rest_route=\/wp\/v2\/pages"}],"about":[{"href":"http:\/\/www.cafe-mann.de\/index.php?rest_route=\/wp\/v2\/types\/page"}],"author":[{"embeddable":true,"href":"http:\/\/www.cafe-mann.de\/index.php?rest_route=\/wp\/v2\/users\/1"}],"replies":[{"embeddable":true,"href":"http:\/\/www.cafe-mann.de\/index.php?rest_route=%2Fwp%2Fv2%2Fcomments&post=2377"}],"version-history":[{"count":0,"href":"http:\/\/www.cafe-mann.de\/index.php?rest_route=\/wp\/v2\/pages\/2377\/revisions"}],"wp:attachment":[{"href":"http:\/\/www.cafe-mann.de\/index.php?rest_route=%2Fwp%2Fv2%2Fmedia&parent=2377"}],"curies":[{"name":"wp","href":"https:\/\/api.w.org\/{rel}","templated":true}]}}