{"id":2364,"date":"2015-11-20T14:47:25","date_gmt":"2015-11-20T13:47:25","guid":{"rendered":"http:\/\/www.cafe-mann.de\/?page_id=2364"},"modified":"2015-11-20T14:50:06","modified_gmt":"2015-11-20T13:50:06","slug":"sorglos-paket","status":"publish","type":"page","link":"http:\/\/www.cafe-mann.de\/?page_id=2364","title":{"rendered":"Sorglos-Paket"},"content":{"rendered":"<div id=\"pl-2364\"  class=\"panel-layout\" ><div id=\"pg-2364-0\"  class=\"panel-grid panel-no-style\" ><div id=\"pgc-2364-0-0\"  class=\"panel-grid-cell\" ><div id=\"panel-2364-0-0-0\" class=\"so-panel widget widget_black-studio-tinymce widget_black_studio_tinymce panel-first-child panel-last-child\" data-index=\"0\" ><h3 class=\"widget-title\">Sorglos-Paket<\/h3><div class=\"textwidget\"><p><span class=\"icon-container\"><span class=\"fa fa-check\"><\/span><\/span> Planung<br \/> Wir helfen Ihnen gerne bei der Planung und Umsetzung Ihrer Ideen.<\/p>\n<p><span class=\"icon-container\"><span class=\"fa fa-check\"><\/span><\/span> Beratung<br \/> Welches Ger\u00e4t ist das richtige f\u00fcr mein Konzept? Siebtr\u00e4ger oder doch ein Vollautomat?<\/p>\n<p><span class=\"icon-container\"><span class=\"fa fa-check\"><\/span><\/span> Beratung<br \/> Welche Verbindlichkeiten w\u00e4hle ich f\u00fcr die Anschaffung meiner neuen Kaffeemaschine?<br \/>Finanzierung, Leasing, Miete oder Barkauf ???<\/p>\n<p><span class=\"icon-container\"><span class=\"fa fa-check\"><\/span><\/span> Betreuung<br \/> Service oder Wartungsvertrag ?<\/p>\n<\/div><\/div><\/div><\/div><\/div>","protected":false},"excerpt":{"rendered":"<p>Planung Wir helfen Ihnen gerne bei der Planung und Umsetzung Ihrer Ideen. Beratung Welches Ger\u00e4t ist das richtige f\u00fcr mein Konzept? Siebtr\u00e4ger oder doch ein Vollautomat? Beratung Welche Verbindlichkeiten w\u00e4hle ich f\u00fcr die Anschaffung meiner neuen Kaffeemaschine?Finanzierung, Leasing, Miete oder Barkauf ??? Betreuung Service oder Wartungsvertrag ?<\/p>\n","protected":false},"author":1,"featured_media":0,"parent":0,"menu_order":0,"comment_status":"closed","ping_status":"closed","template":"","meta":{"footnotes":""},"class_list":["post-2364","page","type-page","status-publish","hentry"],"_links":{"self":[{"href":"http:\/\/www.cafe-mann.de\/index.php?rest_route=\/wp\/v2\/pages\/2364","targetHints":{"allow":["GET"]}}],"collection":[{"href":"http:\/\/www.cafe-mann.de\/index.php?rest_route=\/wp\/v2\/pages"}],"about":[{"href":"http:\/\/www.cafe-mann.de\/index.php?rest_route=\/wp\/v2\/types\/page"}],"author":[{"embeddable":true,"href":"http:\/\/www.cafe-mann.de\/index.php?rest_route=\/wp\/v2\/users\/1"}],"replies":[{"embeddable":true,"href":"http:\/\/www.cafe-mann.de\/index.php?rest_route=%2Fwp%2Fv2%2Fcomments&post=2364"}],"version-history":[{"count":0,"href":"http:\/\/www.cafe-mann.de\/index.php?rest_route=\/wp\/v2\/pages\/2364\/revisions"}],"wp:attachment":[{"href":"http:\/\/www.cafe-mann.de\/index.php?rest_route=%2Fwp%2Fv2%2Fmedia&parent=2364"}],"curies":[{"name":"wp","href":"https:\/\/api.w.org\/{rel}","templated":true}]}}