{"id":2337,"date":"2015-11-19T22:35:31","date_gmt":"2015-11-19T21:35:31","guid":{"rendered":"http:\/\/www.cafe-mann.de\/?page_id=2337"},"modified":"2015-11-24T18:26:31","modified_gmt":"2015-11-24T17:26:31","slug":"victoria-arduino-2","status":"publish","type":"page","link":"http:\/\/www.cafe-mann.de\/?page_id=2337","title":{"rendered":"Victoria Arduino"},"content":{"rendered":"<div id=\"pl-2337\"  class=\"panel-layout\" ><div id=\"pg-2337-0\"  class=\"panel-grid panel-no-style\" ><div id=\"pgc-2337-0-0\"  class=\"panel-grid-cell panel-grid-cell-empty\" ><\/div><div id=\"pgc-2337-0-1\"  class=\"panel-grid-cell\" ><div id=\"panel-2337-0-1-0\" class=\"so-panel widget widget_black-studio-tinymce widget_black_studio_tinymce panel-first-child\" data-index=\"0\" ><h3 class=\"widget-title\">ADONIS<\/h3><div class=\"textwidget\"><p><a href=\"http:\/\/www.cafe-mann.de\/wp-content\/uploads\/2015\/11\/Adonis-Front.jpg\" rel=\"lightbox[2337]\"><img loading=\"lazy\" decoding=\"async\" class=\"aligncenter size-full wp-image-2336\" src=\"http:\/\/www.cafe-mann.de\/wp-content\/uploads\/2015\/11\/Adonis-Front.jpg\" alt=\"Adonis Front\" width=\"1600\" height=\"740\" srcset=\"http:\/\/www.cafe-mann.de\/wp-content\/uploads\/2015\/11\/Adonis-Front.jpg 1600w, http:\/\/www.cafe-mann.de\/wp-content\/uploads\/2015\/11\/Adonis-Front-300x139.jpg 300w, http:\/\/www.cafe-mann.de\/wp-content\/uploads\/2015\/11\/Adonis-Front-1024x474.jpg 1024w, http:\/\/www.cafe-mann.de\/wp-content\/uploads\/2015\/11\/Adonis-Front-555x257.jpg 555w\" sizes=\"auto, (max-width: 1600px) 100vw, 1600px\" \/><\/a><\/p>\n<p>Die ADONIS ist eine Maschine f\u00fcr all jene, die Kaffeetradition und modernes Design lieben. Das wuchtige \u00c4u\u00dfere beeindruckt und l\u00e4sst auch auf den ersten Blick erahnen was sich hinter der prachtvollen H\u00fclle verbirgt. Die Technischen Daten (unten) dieser Maschine im Vergleich zu anderen in dieser Klasse sprechen f\u00fcr sich und beweisen das dieses Arbeitstier nur auf eines ausgelegt ist : LEISTUNG !!!<\/p>\n<p>Erl\u00e4uterung T3 - Technologie beachten !!!<\/p>\n<p>Wie auch die BLACK EAGLE ist die ADONIS auf die Bed\u00fcrfnisse von Meister - Baristas entwickelt. Wie der Name ADONIS schon sagt : Sch\u00f6nheit, Eleganz und Anmut gepaart mit neuester Technologie machen diese Maschine aus. Ausgestattet mit allen Eigenschaften um eine perfekte Extraktion zu gew\u00e4hrleisten, die allen mit h\u00f6chsten Anspr\u00fcchen unvergleichliche Geschmackserlebnisse beschert.<\/p>\n<p>\u00a0<\/p>\n<h3>Technische Daten<\/h3>\n<h4>ADONIS 2-GR<\/h4>\n<p>Versionen\u00a0\u00a0 \u00a0T3 \/\u00a0 style \/ core<br \/> Abmessungen\u00a0 B x H x T\u00a0\u00a0 \u00a0mm 860 x 630 x 570<br \/> Leistung\u00a0\u00a0 \u00a07300 W (T3)\u00a0 \/\u00a0 4500 W (style \/ core)<br \/> Netzspannung\u00a0\u00a0 \u00a0230 \u2013 380 V<br \/> Dampf Boiler Kapazit\u00e4t\u00a0\u00a0 \u00a014 lt<br \/> Brutto Gewicht\u00a0\u00a0 \u00a099 kg\u00a0 (T3)\u00a0\u00a0 \/\u00a0 97 kg\u00a0 (style \/ core)<br \/> Netto Gewicht\u00a0\u00a0 \u00a085 kg\u00a0 (T3)\u00a0\u00a0 \/\u00a0 83 kg\u00a0 (style \/ core)<\/p>\n<p>\u00a0<\/p>\n<h4>ADONIS 3-GR<\/h4>\n<p>Versionen\u00a0\u00a0 \u00a0T3 \/\u00a0 style \/ core<br \/> Abmessungen\u00a0 L x H x T\u00a0\u00a0 \u00a0mm 1090 x 630 x 570<br \/> Leistung\u00a0\u00a0 \u00a09100 W (T3)\u00a0 \/\u00a0 5200 W (style \/ core)<br \/> Netzspannung\u00a0\u00a0 \u00a0230 \u2013 380 V<br \/> Dampf Boiler Kapazit\u00e4t\u00a0\u00a0 \u00a017l t<br \/> Brutto Gewicht\u00a0\u00a0 \u00a0121 kg\u00a0 (T3)\u00a0 \/\u00a0 187 kg\u00a0 (style \/ core)<br \/> Netto Gewicht\u00a0\u00a0 \u00a0105 kg\u00a0 (T3)\u00a0 \/\u00a0 103 kg\u00a0 (style \/ core)<\/p>\n<p>\u00a0<\/p>\n<p>\u00a0<\/p>\n<\/div><\/div><div id=\"panel-2337-0-1-1\" class=\"so-panel widget widget_black-studio-tinymce widget_black_studio_tinymce\" data-index=\"1\" ><h3 class=\"widget-title\">ATHENA LEVA<\/h3><div class=\"textwidget\"><p><a href=\"http:\/\/www.cafe-mann.de\/wp-content\/uploads\/2015\/11\/Athena-Leva-2gr-kupfer.jpg\" rel=\"lightbox[2337]\"><img loading=\"lazy\" decoding=\"async\" class=\"aligncenter size-full wp-image-2341\" src=\"http:\/\/www.cafe-mann.de\/wp-content\/uploads\/2015\/11\/Athena-Leva-2gr-kupfer.jpg\" alt=\"Athena-Leva-2gr-kupfer\" width=\"1200\" height=\"901\" srcset=\"http:\/\/www.cafe-mann.de\/wp-content\/uploads\/2015\/11\/Athena-Leva-2gr-kupfer.jpg 1200w, http:\/\/www.cafe-mann.de\/wp-content\/uploads\/2015\/11\/Athena-Leva-2gr-kupfer-300x225.jpg 300w, http:\/\/www.cafe-mann.de\/wp-content\/uploads\/2015\/11\/Athena-Leva-2gr-kupfer-1024x769.jpg 1024w, http:\/\/www.cafe-mann.de\/wp-content\/uploads\/2015\/11\/Athena-Leva-2gr-kupfer-555x417.jpg 555w, http:\/\/www.cafe-mann.de\/wp-content\/uploads\/2015\/11\/Athena-Leva-2gr-kupfer-100x75.jpg 100w\" sizes=\"auto, (max-width: 1200px) 100vw, 1200px\" \/><\/a> <a href=\"http:\/\/www.cafe-mann.de\/wp-content\/uploads\/2015\/11\/Athena-Leva-3gr-chrom-retro.jpg\" rel=\"lightbox[2337]\"><img loading=\"lazy\" decoding=\"async\" class=\"aligncenter size-full wp-image-2342\" src=\"http:\/\/www.cafe-mann.de\/wp-content\/uploads\/2015\/11\/Athena-Leva-3gr-chrom-retro.jpg\" alt=\"Athena-Leva-3gr-chrom-retro\" width=\"1200\" height=\"901\" srcset=\"http:\/\/www.cafe-mann.de\/wp-content\/uploads\/2015\/11\/Athena-Leva-3gr-chrom-retro.jpg 1200w, http:\/\/www.cafe-mann.de\/wp-content\/uploads\/2015\/11\/Athena-Leva-3gr-chrom-retro-300x225.jpg 300w, http:\/\/www.cafe-mann.de\/wp-content\/uploads\/2015\/11\/Athena-Leva-3gr-chrom-retro-1024x769.jpg 1024w, http:\/\/www.cafe-mann.de\/wp-content\/uploads\/2015\/11\/Athena-Leva-3gr-chrom-retro-555x417.jpg 555w, http:\/\/www.cafe-mann.de\/wp-content\/uploads\/2015\/11\/Athena-Leva-3gr-chrom-retro-100x75.jpg 100w\" sizes=\"auto, (max-width: 1200px) 100vw, 1200px\" \/><\/a> <a href=\"http:\/\/www.cafe-mann.de\/wp-content\/uploads\/2015\/11\/Athena-Leva-3gr-chrom.jpg\" rel=\"lightbox[2337]\"><img loading=\"lazy\" decoding=\"async\" class=\"aligncenter size-full wp-image-2343\" src=\"http:\/\/www.cafe-mann.de\/wp-content\/uploads\/2015\/11\/Athena-Leva-3gr-chrom.jpg\" alt=\"Athena-Leva-3gr-chrom\" width=\"1200\" height=\"901\" srcset=\"http:\/\/www.cafe-mann.de\/wp-content\/uploads\/2015\/11\/Athena-Leva-3gr-chrom.jpg 1200w, http:\/\/www.cafe-mann.de\/wp-content\/uploads\/2015\/11\/Athena-Leva-3gr-chrom-300x225.jpg 300w, http:\/\/www.cafe-mann.de\/wp-content\/uploads\/2015\/11\/Athena-Leva-3gr-chrom-1024x769.jpg 1024w, http:\/\/www.cafe-mann.de\/wp-content\/uploads\/2015\/11\/Athena-Leva-3gr-chrom-555x417.jpg 555w, http:\/\/www.cafe-mann.de\/wp-content\/uploads\/2015\/11\/Athena-Leva-3gr-chrom-100x75.jpg 100w\" sizes=\"auto, (max-width: 1200px) 100vw, 1200px\" \/><\/a><br \/> Die Leva Br\u00fcheinheiten lassen dem Bediener ( Barista ) frei entscheiden wie sein Espresso schmecken soll. Die Preinfusion ( Vorbr\u00fchen ) kann \u00fcber den Hebel manuell f\u00fcr jeden Bezug individuell gestaltet werden. Leva Maschinen findet man selten in der Deutschen Gastronomie da der Umgang mit diesen Maschinen ein gewisses Gef\u00fchl f\u00fcr das Produkt verlangt. Es ist eine\u00a0 reine Espressomaschine !!! Nat\u00fcrlich kann man damit auch alle Produkte die mit Espresso serviert werden zubereiten.<\/p>\n<p>Willkommen in der Welt der klassischen Espresso Zubereitung\u2026<\/p>\n<h3>Technische Daten<\/h3>\n<h4>ATHENA LEVA 2-GR<\/h4>\n<p>Version\u00a0\u00a0 \u00a0Leva<br \/> Abmessungen\u00a0 B x H x T\u00a0\u00a0 \u00a0mm\u00a0 640 x 550 x 710<br \/> Leistung\u00a0\u00a0 \u00a03000 W<br \/> Netzspannung\u00a0\u00a0 \u00a0230 \u2013 380 V<br \/> Dampf Boiler Kapazit\u00e4t\u00a0\u00a0 \u00a015,2 lt<br \/> Brutto Gewicht\u00a0\u00a0 \u00a070 kg<br \/> Netto Gewicht\u00a0\u00a0 \u00a060 kg<\/p>\n<h4>ATHENA LEVA 3-GR<\/h4>\n<p>Version\u00a0\u00a0 \u00a0Leva<br \/> Abmessungen\u00a0 B x H x T\u00a0\u00a0 \u00a0mm\u00a0 840 x 550 x 710<br \/> Leistung\u00a0\u00a0 \u00a05000 W<br \/> Netzspannung\u00a0\u00a0 \u00a0230 \u2013 380 V<br \/> Dampf Boiler Kapazit\u00e4t\u00a0\u00a0 \u00a022,8 lt<br \/> Brutto Gewicht\u00a0\u00a0 \u00a085 kg<br \/> Netto Gewicht\u00a0\u00a0 \u00a075 kg<\/p>\n<p>\u00a0<\/p>\n<\/div><\/div><div id=\"panel-2337-0-1-2\" class=\"so-panel widget widget_black-studio-tinymce widget_black_studio_tinymce\" data-index=\"2\" ><h3 class=\"widget-title\">VA388 BLACK EAGLE<\/h3><div class=\"textwidget\"><p><a href=\"http:\/\/www.cafe-mann.de\/wp-content\/uploads\/2015\/11\/Black-Eagle-VA-388-Bild-1.jpg\" rel=\"lightbox[2337]\"><img loading=\"lazy\" decoding=\"async\" class=\"aligncenter size-full wp-image-2346\" src=\"http:\/\/www.cafe-mann.de\/wp-content\/uploads\/2015\/11\/Black-Eagle-VA-388-Bild-1.jpg\" alt=\"Black Eagle VA 388 Bild 1\" width=\"1200\" height=\"901\" srcset=\"http:\/\/www.cafe-mann.de\/wp-content\/uploads\/2015\/11\/Black-Eagle-VA-388-Bild-1.jpg 1200w, http:\/\/www.cafe-mann.de\/wp-content\/uploads\/2015\/11\/Black-Eagle-VA-388-Bild-1-300x225.jpg 300w, http:\/\/www.cafe-mann.de\/wp-content\/uploads\/2015\/11\/Black-Eagle-VA-388-Bild-1-1024x769.jpg 1024w, http:\/\/www.cafe-mann.de\/wp-content\/uploads\/2015\/11\/Black-Eagle-VA-388-Bild-1-555x417.jpg 555w, http:\/\/www.cafe-mann.de\/wp-content\/uploads\/2015\/11\/Black-Eagle-VA-388-Bild-1-100x75.jpg 100w\" sizes=\"auto, (max-width: 1200px) 100vw, 1200px\" \/><\/a> <a href=\"http:\/\/www.cafe-mann.de\/wp-content\/uploads\/2015\/11\/Black-Eagle-Mythos-One.jpg\" rel=\"lightbox[2337]\"><img loading=\"lazy\" decoding=\"async\" class=\"aligncenter size-full wp-image-2345\" src=\"http:\/\/www.cafe-mann.de\/wp-content\/uploads\/2015\/11\/Black-Eagle-Mythos-One.jpg\" alt=\"Black Eagle &amp; Mythos One\" width=\"1200\" height=\"801\" srcset=\"http:\/\/www.cafe-mann.de\/wp-content\/uploads\/2015\/11\/Black-Eagle-Mythos-One.jpg 1200w, http:\/\/www.cafe-mann.de\/wp-content\/uploads\/2015\/11\/Black-Eagle-Mythos-One-300x200.jpg 300w, http:\/\/www.cafe-mann.de\/wp-content\/uploads\/2015\/11\/Black-Eagle-Mythos-One-1024x684.jpg 1024w, http:\/\/www.cafe-mann.de\/wp-content\/uploads\/2015\/11\/Black-Eagle-Mythos-One-360x240.jpg 360w, http:\/\/www.cafe-mann.de\/wp-content\/uploads\/2015\/11\/Black-Eagle-Mythos-One-555x370.jpg 555w, http:\/\/www.cafe-mann.de\/wp-content\/uploads\/2015\/11\/Black-Eagle-Mythos-One-272x182.jpg 272w\" sizes=\"auto, (max-width: 1200px) 100vw, 1200px\" \/><\/a><\/p>\n<p>VA388 Black Eagle ist eine Maschine f\u00fcr Liebhaber, die ihr Leben dem Kaffee und Espresso gewidmet haben. Langj\u00e4hrige Studien und Forschungen die nur eines zum Ziel hatten, Tag f\u00fcr Tag ein Erlebnis in die Tasse zu zaubern. Dies ist die offizielle Maschine der World Barista Championships 2015 - 2017<\/p>\n<p>Erl\u00e4uterung T3 - Technologie beachten !!!<\/p>\n<p>Die Black Eagle wurde speziell auf die Bed\u00fcrfnisse von Meister - Baristas entwickelt. Tasse f\u00fcr Tasse kontinuierliche Qualit\u00e4t und das von morgens bis abends dank der au\u00dfergew\u00f6hnlichen Temperaturkonstanz ( T3 ). Das eher ungew\u00f6hnliche Design beeindruckt durch stilvolle Kurven und asymmetrische Elemente. Dem Sch\u00f6pfer dieser Sch\u00f6nheit ist es gelungen diese Technik, Kraft und Eleganz auf nur 49 cm H\u00f6he zu verpacken. Bei einer optimalen Arbeitsh\u00f6he f\u00fcr den Barista ist f\u00fcr diesen auch der direkte Kontakt zu seinen Konsumenten m\u00f6glich\u2026<\/p>\n<p>Es ist einfach nur beeindruckend diese Maschine zu sehen und auch zu sehen wie Sie Kenner beeindruckt !!!<\/p>\n<h3>Technische Daten<\/h3>\n<p>\u00a0<\/p>\n<h4>VA388 BLACK EAGLE 2-GR<\/h4>\n<p>Versionen\u00a0\u00a0 \u00a0Gravitech \/ Volumetrisch<br \/> Abmessungen\u00a0 B x H x T\u00a0\u00a0 \u00a0mm 825 x 490 x 695<br \/> Leistung\u00a0\u00a0 \u00a07300 W<br \/> Netzspannung\u00a0\u00a0 \u00a0208-240 V 50-60 Hz\u00a0 \/\u00a0 380 TRIF 50 Hz<br \/> Dampf Boiler Kapazit\u00e4t\u00a0\u00a0 \u00a011,4 lt<br \/> Kaffee Boiler Kapazit\u00e4t\u00a0\u00a0 \u00a00,7 lt<br \/> Brutto Gewicht\u00a0\u00a0 \u00a0110 kg<br \/> Netto Gewicht\u00a0\u00a0 \u00a090 kg<\/p>\n<p>\u00a0<\/p>\n<h4>VA388 BLACK EAGLE 3-GR<\/h4>\n<p>Versionen\u00a0\u00a0 \u00a0Gravitech \/ Volumetrisch<br \/> Abmessungen\u00a0 B x H x T\u00a0\u00a0 \u00a0mm 1075 x 490 x 695<br \/> Leistung\u00a0\u00a0 \u00a09100 W<br \/> Netzspannung\u00a0\u00a0 \u00a0208-240 V 50-60 Hz\u00a0 \/\u00a0 380 TRIF 50 Hz<br \/> Dampf Boiler Kapazit\u00e4t\u00a0\u00a0 \u00a017,3 lt<br \/> Kaffee Boiler Kapazit\u00e4t\u00a0\u00a0 \u00a00,7 lt<br \/> Brutto Gewicht\u00a0\u00a0 \u00a0135 kg<br \/> Netto Gewicht\u00a0\u00a0 \u00a0115 kg<\/p>\n<\/div><\/div><div id=\"panel-2337-0-1-3\" class=\"so-panel widget widget_black-studio-tinymce widget_black_studio_tinymce\" data-index=\"3\" ><h3 class=\"widget-title\">THERESIA<\/h3><div class=\"textwidget\"><p><a href=\"http:\/\/netoperatortest.de\/wp-content\/uploads\/2015\/11\/Theresia.jpg\" rel=\"lightbox[2337]\"><img loading=\"lazy\" decoding=\"async\" class=\"aligncenter size-full wp-image-2352\" src=\"http:\/\/netoperatortest.de\/wp-content\/uploads\/2015\/11\/Theresia.jpg\" alt=\"Theresia\" width=\"1112\" height=\"1200\" srcset=\"http:\/\/www.cafe-mann.de\/wp-content\/uploads\/2015\/11\/Theresia.jpg 1112w, http:\/\/www.cafe-mann.de\/wp-content\/uploads\/2015\/11\/Theresia-278x300.jpg 278w, http:\/\/www.cafe-mann.de\/wp-content\/uploads\/2015\/11\/Theresia-949x1024.jpg 949w, http:\/\/www.cafe-mann.de\/wp-content\/uploads\/2015\/11\/Theresia-514x555.jpg 514w\" sizes=\"auto, (max-width: 1112px) 100vw, 1112px\" \/><\/a><\/p>\n<p><a href=\"http:\/\/netoperatortest.de\/wp-content\/uploads\/2015\/11\/Theresia-T3-System.jpg\" rel=\"lightbox[2337]\"><img loading=\"lazy\" decoding=\"async\" class=\"aligncenter size-full wp-image-2350\" src=\"http:\/\/netoperatortest.de\/wp-content\/uploads\/2015\/11\/Theresia-T3-System.jpg\" alt=\"Theresia-T3 System\" width=\"911\" height=\"1024\" srcset=\"http:\/\/www.cafe-mann.de\/wp-content\/uploads\/2015\/11\/Theresia-T3-System.jpg 911w, http:\/\/www.cafe-mann.de\/wp-content\/uploads\/2015\/11\/Theresia-T3-System-267x300.jpg 267w, http:\/\/www.cafe-mann.de\/wp-content\/uploads\/2015\/11\/Theresia-T3-System-494x555.jpg 494w\" sizes=\"auto, (max-width: 911px) 100vw, 911px\" \/><\/a>\u00a0<\/p>\n<p>Das edelste was der Espresso Maschinen Markt f\u00fcr Zuhause bieten kann. Das ist nicht die Maschine f\u00fcr jemanden der mal schnell einen Kaffee oder Espresso trinken will. Diese Maschine bietet genau das was ein professioneller Barista einer Maschine abverlangt : Perfektion, Qualit\u00e4t und die absolute Temperaturgenauigkeit.<\/p>\n<p>Erl\u00e4uterung T3 - Technologie beachten !!!<\/p>\n<p>Diese Maschine ist also ein Extraktionswunder f\u00fcr jede Bohne und somit die Erf\u00fcllung f\u00fcr jeden der Tag f\u00fcr Tag das beste genie\u00dfen m\u00f6chte und sich nicht mit Mittelma\u00df abgibt.<br \/> Technisch und optisch bewegen Sie sich mit der Theresia in einer anderen Dimension\u2026<\/p>\n<\/div><\/div><div id=\"panel-2337-0-1-4\" class=\"so-panel widget widget_black-studio-tinymce widget_black_studio_tinymce panel-last-child\" data-index=\"4\" ><h3 class=\"widget-title\">VENUS BAR<\/h3><div class=\"textwidget\"><p><a href=\"http:\/\/www.cafe-mann.de\/wp-content\/uploads\/2015\/11\/Venus-Bar-chrom.jpg\" rel=\"lightbox[2337]\"><img loading=\"lazy\" decoding=\"async\" class=\"aligncenter size-full wp-image-2354\" src=\"http:\/\/www.cafe-mann.de\/wp-content\/uploads\/2015\/11\/Venus-Bar-chrom.jpg\" alt=\"Venus-Bar-chrom\" width=\"700\" height=\"817\" srcset=\"http:\/\/www.cafe-mann.de\/wp-content\/uploads\/2015\/11\/Venus-Bar-chrom.jpg 700w, http:\/\/www.cafe-mann.de\/wp-content\/uploads\/2015\/11\/Venus-Bar-chrom-257x300.jpg 257w, http:\/\/www.cafe-mann.de\/wp-content\/uploads\/2015\/11\/Venus-Bar-chrom-476x555.jpg 476w\" sizes=\"auto, (max-width: 700px) 100vw, 700px\" \/><\/a> <a href=\"http:\/\/www.cafe-mann.de\/wp-content\/uploads\/2015\/11\/Venus-Bar-kupfer.jpg\" rel=\"lightbox[2337]\"><img loading=\"lazy\" decoding=\"async\" class=\"aligncenter size-full wp-image-2355\" src=\"http:\/\/www.cafe-mann.de\/wp-content\/uploads\/2015\/11\/Venus-Bar-kupfer.jpg\" alt=\"Venus-Bar-kupfer\" width=\"371\" height=\"443\" srcset=\"http:\/\/www.cafe-mann.de\/wp-content\/uploads\/2015\/11\/Venus-Bar-kupfer.jpg 371w, http:\/\/www.cafe-mann.de\/wp-content\/uploads\/2015\/11\/Venus-Bar-kupfer-251x300.jpg 251w\" sizes=\"auto, (max-width: 371px) 100vw, 371px\" \/><\/a> <a href=\"http:\/\/www.cafe-mann.de\/wp-content\/uploads\/2015\/11\/Venus-Bar-messing.jpg\" rel=\"lightbox[2337]\"><img loading=\"lazy\" decoding=\"async\" class=\"aligncenter size-full wp-image-2356\" src=\"http:\/\/www.cafe-mann.de\/wp-content\/uploads\/2015\/11\/Venus-Bar-messing.jpg\" alt=\"Venus-Bar-messing\" width=\"375\" height=\"449\" srcset=\"http:\/\/www.cafe-mann.de\/wp-content\/uploads\/2015\/11\/Venus-Bar-messing.jpg 375w, http:\/\/www.cafe-mann.de\/wp-content\/uploads\/2015\/11\/Venus-Bar-messing-251x300.jpg 251w\" sizes=\"auto, (max-width: 375px) 100vw, 375px\" \/><\/a><\/p>\n<p>Ein edles St\u00fcck Espresso Geschichte das hier zum leben erweckt wurde vereint mit Technik der Gegenwart. Von Hand geh\u00e4mmerte Bleche aus Kupfer, Messing und Chrom zieren den vertikalen K\u00f6rper dieser historischen Sch\u00f6nheit. Wenn man vor dieser Maschine steht, erkennt man erst die Handwerkskunst und mit welche Liebe zum Detail hier gearbeitet wurde.<br \/> Wie nobel auch immer das Ambiente einer Location ist, wird die VENUS BAR die erste Aufmerksamkeit auf sich ziehen. Durch den schlanken K\u00f6rper von nur 42 cm Durchmesser, ist Sie \u00fcberall eindrucksvoll zu platzieren.<\/p>\n<h3>Technische Daten<\/h3>\n<p>\u00a0<\/p>\n<h4>VENUS BAR 2-GR<\/h4>\n<p>Abmessungen\u00a0 L x H x T\u00a0\u00a0 \u00a0mm 420 x 920 x 420<br \/> Leistung\u00a0\u00a0 \u00a02000 W<br \/> Netzspannung\u00a0\u00a0 \u00a0230 \u2013 380 V<br \/> Dampf Boiler Kapazit\u00e4t\u00a0\u00a0 \u00a07,6 lt<br \/> Brutto Gewicht\u00a0\u00a0 \u00a070 kg<br \/> Netto Gewicht\u00a0\u00a0 \u00a060 kg<\/p>\n<p>\u00a0<\/p>\n<h4>VENUS BAR 3-GR<\/h4>\n<p>Abmessungen\u00a0 B x H x T\u00a0\u00a0 \u00a0mm 490 x 1070 x 490<br \/> Leistung\u00a0\u00a0 \u00a02600 W<br \/> Netzspannung\u00a0\u00a0 \u00a0230 \u2013 380 V<br \/> Dampf Boiler Kapazit\u00e4t\u00a0\u00a0 \u00a014,8 lt<br \/> Brutto Gewicht\u00a0\u00a0 \u00a086 kg<br \/> Netto Gewicht\u00a0\u00a0 \u00a076 kg<\/p>\n<p>\u00a0<\/p>\n<\/div><\/div><\/div><\/div><\/div>","protected":false},"excerpt":{"rendered":"<p>Die ADONIS ist eine Maschine f\u00fcr all jene, die Kaffeetradition und modernes Design lieben. Das wuchtige \u00c4u\u00dfere beeindruckt und l\u00e4sst auch auf den ersten Blick erahnen was sich hinter der prachtvollen H\u00fclle verbirgt. Die Technischen Daten (unten) dieser Maschine im Vergleich zu anderen in dieser Klasse sprechen f\u00fcr sich und beweisen das dieses Arbeitstier nur &hellip;<\/p>\n","protected":false},"author":1,"featured_media":0,"parent":0,"menu_order":0,"comment_status":"closed","ping_status":"closed","template":"","meta":{"footnotes":""},"class_list":["post-2337","page","type-page","status-publish","hentry"],"_links":{"self":[{"href":"http:\/\/www.cafe-mann.de\/index.php?rest_route=\/wp\/v2\/pages\/2337","targetHints":{"allow":["GET"]}}],"collection":[{"href":"http:\/\/www.cafe-mann.de\/index.php?rest_route=\/wp\/v2\/pages"}],"about":[{"href":"http:\/\/www.cafe-mann.de\/index.php?rest_route=\/wp\/v2\/types\/page"}],"author":[{"embeddable":true,"href":"http:\/\/www.cafe-mann.de\/index.php?rest_route=\/wp\/v2\/users\/1"}],"replies":[{"embeddable":true,"href":"http:\/\/www.cafe-mann.de\/index.php?rest_route=%2Fwp%2Fv2%2Fcomments&post=2337"}],"version-history":[{"count":0,"href":"http:\/\/www.cafe-mann.de\/index.php?rest_route=\/wp\/v2\/pages\/2337\/revisions"}],"wp:attachment":[{"href":"http:\/\/www.cafe-mann.de\/index.php?rest_route=%2Fwp%2Fv2%2Fmedia&parent=2337"}],"curies":[{"name":"wp","href":"https:\/\/api.w.org\/{rel}","templated":true}]}}