{"id":2315,"date":"2015-11-19T22:07:51","date_gmt":"2015-11-19T21:07:51","guid":{"rendered":"http:\/\/www.cafe-mann.de\/?page_id=2315"},"modified":"2016-02-10T14:46:14","modified_gmt":"2016-02-10T13:46:14","slug":"nuova-simonelli-2","status":"publish","type":"page","link":"http:\/\/www.cafe-mann.de\/?page_id=2315","title":{"rendered":"Nuova Simonelli"},"content":{"rendered":"<div id=\"pl-2315\"  class=\"panel-layout\" ><div id=\"pg-2315-0\"  class=\"panel-grid panel-no-style\" ><div id=\"pgc-2315-0-0\"  class=\"panel-grid-cell panel-grid-cell-empty\" ><\/div><div id=\"pgc-2315-0-1\"  class=\"panel-grid-cell\" ><div id=\"panel-2315-0-1-0\" class=\"so-panel widget widget_black-studio-tinymce widget_black_studio_tinymce panel-first-child\" data-index=\"0\" ><h3 class=\"widget-title\">APPIA II &#8211; 1 GR<\/h3><div class=\"textwidget\"><p><a href=\"http:\/\/www.cafe-mann.de\/wp-content\/uploads\/2015\/11\/AppiaII-1gr.png\" rel=\"lightbox[2315]\"><img loading=\"lazy\" decoding=\"async\" class=\"aligncenter wp-image-2318\" src=\"http:\/\/www.cafe-mann.de\/wp-content\/uploads\/2015\/11\/AppiaII-1gr.png\" alt=\"AppiaII-1gr\" width=\"675\" height=\"376\" srcset=\"http:\/\/www.cafe-mann.de\/wp-content\/uploads\/2015\/11\/AppiaII-1gr.png 465w, http:\/\/www.cafe-mann.de\/wp-content\/uploads\/2015\/11\/AppiaII-1gr-300x167.png 300w\" sizes=\"auto, (max-width: 675px) 100vw, 675px\" \/><\/a><\/p>\n<p>F\u00fcr all jene, die kaum Platz haben und trotzdem einen Espresso, Kaffee und Co. in Perfektion anbieten wollen. Die Compact-Ausf\u00fchrungen von APPIA II sind schlicht, innovativ und bieten h\u00f6chste Qualit\u00e4t wie die Gro\u00dfen aus der Nuova Simonelli Schmiede. Auf nur 40 cm Breite ist hier alles verbaut was eine Top Espresso Maschine ausmacht und wie auch die gr\u00f6\u00dfere Schwester ist die Appia II 1-Gr. auch in drei Farben erh\u00e4ltlich : schwarz, rot und perlwei\u00df\u2026<\/p>\n<p>\u00a0<\/p>\n<h3>Technische Daten<\/h3>\n<p>Versionen\u00a0\u00a0 \u00a0Volumetrisch \/ Manuell<br \/> Abmessungen\u00a0 B x H x T\u00a0\u00a0 \u00a0mm 400 x 530 x 545<br \/> Leistung\u00a0\u00a0 \u00a02000 W<br \/> Netzspannung\u00a0\u00a0 \u00a0230<br \/> Dampf Boiler Kapazit\u00e4t\u00a0\u00a0 \u00a05,0 lt<br \/> Brutto Gewicht\u00a0\u00a0 \u00a048 kg<br \/> Netto Gewicht\u00a0\u00a0 \u00a042 kg<\/p>\n<\/div><\/div><div id=\"panel-2315-0-1-1\" class=\"so-panel widget widget_black-studio-tinymce widget_black_studio_tinymce\" data-index=\"1\" ><h3 class=\"widget-title\">APPIA II<\/h3><div class=\"textwidget\"><p><a href=\"http:\/\/www.cafe-mann.de\/wp-content\/uploads\/2015\/11\/AppiaII.png\" rel=\"lightbox[2315]\"><img loading=\"lazy\" decoding=\"async\" class=\"aligncenter wp-image-2322\" src=\"http:\/\/www.cafe-mann.de\/wp-content\/uploads\/2015\/11\/AppiaII.png\" alt=\"AppiaII\" width=\"571\" height=\"321\" srcset=\"http:\/\/www.cafe-mann.de\/wp-content\/uploads\/2015\/11\/AppiaII.png 436w, http:\/\/www.cafe-mann.de\/wp-content\/uploads\/2015\/11\/AppiaII-300x169.png 300w\" sizes=\"auto, (max-width: 571px) 100vw, 571px\" \/><\/a><\/p>\n<p>APPIA II entstand nach dem Erfolg ihrer Vorg\u00e4ngerin der APPIA, einer Maschine mit einer gro\u00dfen Produktionsauflage die sehr erfolgreich verkauft wurde. Qualitativ hochwertige Komponenten ohne Schnick-Schnack machen diese Maschine zu einem leistungsf\u00e4higen, wartungsarmen Arbeitsger\u00e4t. Ohne komplexer elektronischer Finessen verf\u00fcgt die APPIA II \u00fcber einige Features um dem Barista die Arbeit zu erleichtern :<\/p>\n<p>REVERSE MIRROR :<br \/> Abgekantetes Spiegelblech das dem Barista erm\u00f6glicht ohne sich zu b\u00fccken die Sauberkeit der Duschen im Auge zu behalten sowie die Extraktion des Produkts.<\/p>\n<p>TURBOCREAM :<br \/> Dampflanze zur automatischen Aufsch\u00e4umung der Milch. Milch in eine samtige Creme zu verwandeln ist mit TURBOCREAM eine Leichtigkeit.\u00a0\u00a0 OPTIONAL !!!<\/p>\n<p>S I S :<br \/> Soft Infusion System ist ein sanftes Vorbr\u00fchen, das ein Maximum an Aroma aus Ihrem Produkt extrahiert.<\/p>\n<p>RAISED GROUP :<br \/> Hohe Br\u00fcheinheiten erm\u00f6glichen und erleichtern den ToGo Betrieb da auch gro\u00dfe Becher sowie Latte Macchiato Gl\u00e4ser unter dieser Platz finden. OPTIONAL !!!<\/p>\n<p>\u00a0<\/p>\n<h3>Technische Daten<\/h3>\n<h4>APPIA II\u00a0 2-GR<\/h4>\n<p>Versionen\u00a0\u00a0 \u00a0Volumetrisch \/ Manuell<br \/> Abmessungen\u00a0 B x H x T\u00a0\u00a0 \u00a0mm 780 x 530 x 545<br \/> Leistung\u00a0\u00a0 \u00a03200 W<br \/> Netzspannung\u00a0\u00a0 \u00a0230 \u2013 380 V<br \/> Dampf Boiler Kapazit\u00e4t\u00a0\u00a0 \u00a011 lt<br \/> Brutto Gewicht\u00a0\u00a0 \u00a065 kg<br \/> Netto Gewicht\u00a0\u00a0 \u00a060 kg<\/p>\n<h4>APPIA II\u00a0 3-GR<\/h4>\n<p>Versionen\u00a0\u00a0 \u00a0Volumetrisch \/ Manuell<br \/> Abmessungen\u00a0 L x H x T\u00a0\u00a0 \u00a0mm 1010 x 530 x 545<br \/> Leistung\u00a0\u00a0 \u00a05200 W<br \/> Netzspannung\u00a0\u00a0 \u00a0230 \u2013 380 V<br \/> Dampf Boiler Kapazit\u00e4t\u00a0\u00a0 \u00a015 lt<br \/> Brutto Gewicht\u00a0\u00a0 \u00a085 kg<br \/> Netto Gewicht\u00a0\u00a0 \u00a080 kg<\/p>\n<\/div><\/div><div id=\"panel-2315-0-1-2\" class=\"so-panel widget widget_black-studio-tinymce widget_black_studio_tinymce\" data-index=\"2\" ><h3 class=\"widget-title\">APPIA II &#8211; Compact<\/h3><div class=\"textwidget\"><p><a href=\"http:\/\/www.cafe-mann.de\/wp-content\/uploads\/2015\/11\/AppiaII-Compact.png\" rel=\"lightbox[2315]\"><img loading=\"lazy\" decoding=\"async\" class=\"aligncenter wp-image-2328\" src=\"http:\/\/www.cafe-mann.de\/wp-content\/uploads\/2015\/11\/AppiaII-Compact.png\" alt=\"AppiaII Compact\" width=\"617\" height=\"344\" srcset=\"http:\/\/www.cafe-mann.de\/wp-content\/uploads\/2015\/11\/AppiaII-Compact.png 465w, http:\/\/www.cafe-mann.de\/wp-content\/uploads\/2015\/11\/AppiaII-Compact-300x167.png 300w\" sizes=\"auto, (max-width: 617px) 100vw, 617px\" \/><\/a><\/p>\n<p>Warum auf Technologie und Leistung verzichten wenn im Lokal wenig Platz zur Verf\u00fcgung steht? APPIA II Compact macht es m\u00f6glich. Zwei Br\u00fcheinheiten, Hei\u00dfwasser und zwei Dampfh\u00e4hne ( Optional : ein Dampfhahn &amp; Autosteam ) auf nur 55 cm breite. Das erm\u00f6glicht die gleichzeitige Zubereitung von 4 Kaffee- bzw. Espresso Produkten. Der optionale Autosteam nimmt Ihnen das Aufsch\u00e4umen der Milch in Zeitnot zuverl\u00e4ssig ab und erm\u00f6glicht dazwischen das Geschirr anzurichten.<br \/> Die APPIA II Compact ist in drei Farben erh\u00e4ltlich ( schwarz, rot und perlwei\u00df ) und passt somit in jedes Ambiente\u2026<\/p>\n<p>\u00a0<\/p>\n<h3>Technische Daten<\/h3>\n<p>Versionen\u00a0\u00a0 \u00a0Volumetrisch \/ Manuell<br \/> Abmessungen\u00a0 B x H x T\u00a0\u00a0 \u00a0mm 550 x 530 x 545<br \/> Leistung\u00a0\u00a0 \u00a02800 W<br \/> Netzspannung\u00a0\u00a0 \u00a0230<br \/> Dampf Boiler Kapazit\u00e4t\u00a0\u00a0 \u00a07,5 lt<br \/> Brutto Gewicht\u00a0\u00a0 \u00a054 kg<br \/> Netto Gewicht\u00a0\u00a0 \u00a045 kg<\/p>\n<\/div><\/div><div id=\"panel-2315-0-1-3\" class=\"so-panel widget widget_black-studio-tinymce widget_black_studio_tinymce\" data-index=\"3\" ><h3 class=\"widget-title\">AURELIA II  \/  Volumetrisch &#8211; Digital &#8211; T3<\/h3><div class=\"textwidget\"><p><a href=\"http:\/\/www.cafe-mann.de\/wp-content\/uploads\/2015\/11\/Aurelia-II.png\" rel=\"lightbox[2315]\"><img loading=\"lazy\" decoding=\"async\" class=\"aligncenter wp-image-2330\" src=\"http:\/\/www.cafe-mann.de\/wp-content\/uploads\/2015\/11\/Aurelia-II.png\" alt=\"Aurelia II\" width=\"726\" height=\"404\" srcset=\"http:\/\/www.cafe-mann.de\/wp-content\/uploads\/2015\/11\/Aurelia-II.png 465w, http:\/\/www.cafe-mann.de\/wp-content\/uploads\/2015\/11\/Aurelia-II-300x167.png 300w\" sizes=\"auto, (max-width: 726px) 100vw, 726px\" \/><\/a><\/p>\n<p>AURELIA II - Die Offizielle Espresso Maschine der Barista World Championships 2012 - 2014. Nicht umsonst - die Maschine ist mit allem was Sie in den verschiedenen Variationen bietet darauf konzipiert, h\u00f6chste Qualit\u00e4tsanspr\u00fcche zu erf\u00fcllen. Technisch wie auch optisch bleiben hier keine W\u00fcnsche offen. Eine Menge an Features die es dem Barista erleichtert mit kleinem Aufwand wichtige Parameter so zu \u00e4ndern, um stets das beste Ergebnis in die Tasse zu bringen. Wie jede Nuova Simonelli, ist auch die AURELIA in den drei Farben ( schwarz, perlwei\u00df und rot ) erh\u00e4ltlich. Der Kunde kann auf Wunsch bei einer Mehrgruppigen\u00a0 Maschine die Br\u00fchgruppen in hoch und normal kombinieren. BEISPIEL : Sie ben\u00f6tigen eine 3- gruppige Espresso Maschine ! Es besteht die M\u00f6glichkeit zwei normale Br\u00fchgruppen und eine hohe ( f\u00fcr ToGo Becher oder Gl\u00e4ser ) zu bestellen oder umgekehrt. Jede hohe Version wird mit hochwertigen Tassenablagen\u00a0 aus Edelstahl ausgeliefert.<\/p>\n<p>Falls Ihr Interesse geweckt ist mehr \u00fcber die Features der AURELIA II zu erfahren, sollten Sie sich die Zeit nehmen und auf <a href=\"http:\/\/www.nuovasimonelli.it\" target=\"_blank\">www.nuovasimonelli.it<\/a> vorbeischauen oder uns wegen einer Beratung kontaktieren\u2026<\/p>\n<p>&nbsp;<\/p>\n<h3>Technische Daten<\/h3>\n<p>&nbsp;<\/p>\n<h4>AURELIA II\u00a0 2-GR<\/h4>\n<p>Versionen\u00a0\u00a0 \u00a0T3 \/ Digital \/ Volumetrisch \/ Manuell<br \/>\nAbmessungen\u00a0 B x H x T\u00a0\u00a0 \u00a0mm 815 x 565 x 565<br \/>\nLeistung\u00a0\u00a0 \u00a04500 W\u00a0 \/\u00a0 T3 7300 W<br \/>\nNetzspannung\u00a0\u00a0 \u00a0230 \u2013 380 V<br \/>\nDampf Boiler Kapazit\u00e4t\u00a0\u00a0 \u00a014 lt<br \/>\nBrutto Gewicht\u00a0\u00a0 \u00a082 kg\u00a0 \/\u00a0 T3 84 kg<br \/>\nNetto Gewicht\u00a0\u00a0 \u00a076 kg\u00a0 \/\u00a0 T3 78 kg<\/p>\n<h4>AURELIA II\u00a0 3-GR<\/h4>\n<p>Versionen\u00a0\u00a0 \u00a0T3 \/ Digital \/ Volumetrisch \/ Manuell<br \/>\nAbmessungen\u00a0 L x H x T\u00a0\u00a0 \u00a0mm 1045 x 565 x 565<br \/>\nLeistung\u00a0\u00a0 \u00a05200 W\u00a0 \/\u00a0 T3 9100 W<br \/>\nNetzspannung\u00a0\u00a0 \u00a0230 \u2013 380 V<br \/>\nDampf Boiler Kapazit\u00e4t\u00a0\u00a0 \u00a017 lt<br \/>\nBrutto Gewicht\u00a0\u00a0 \u00a0100 kg\u00a0 \/\u00a0\u00a0 T3 103 kg<br \/>\nNetto Gewicht\u00a0\u00a0 \u00a090 kg\u00a0 \/\u00a0\u00a0 T3 93 kg<\/p>\n<\/div><\/div><div id=\"panel-2315-0-1-4\" class=\"so-panel widget widget_black-studio-tinymce widget_black_studio_tinymce panel-last-child\" data-index=\"4\" ><h3 class=\"widget-title\">MUSICA<\/h3><div class=\"textwidget\"><p><a href=\"http:\/\/www.cafe-mann.de\/wp-content\/uploads\/2015\/11\/Musica.jpg\" rel=\"lightbox[2315]\"><img loading=\"lazy\" decoding=\"async\" class=\"aligncenter size-full wp-image-2332\" src=\"http:\/\/www.cafe-mann.de\/wp-content\/uploads\/2015\/11\/Musica.jpg\" alt=\"Musica\" width=\"465\" height=\"257\" srcset=\"http:\/\/www.cafe-mann.de\/wp-content\/uploads\/2015\/11\/Musica.jpg 465w, http:\/\/www.cafe-mann.de\/wp-content\/uploads\/2015\/11\/Musica-300x166.jpg 300w\" sizes=\"auto, (max-width: 465px) 100vw, 465px\" \/><\/a><\/p>\n<p>Ein Highlight f\u00fcr den Haus oder B\u00fcrobereich aus der Schmiede von Nuova Simonelli. Wieder ein Produkt das von der Fachpresse in h\u00f6chsten T\u00f6nen gelobt wird und dessen Technische Daten wie Musik in den Ohren klingen. Der Liebhaber eines Espresso oder Cappuccino wird am zubereiten mit dieser Maschine eine wahre Freude haben. Das gute St\u00fcck ist als Tank- und Festwasser Version erh\u00e4ltlich. Im Gegensatz zu der Standard Version mit schwarzen R\u00e4ndern, sind bei der LUX Version diese mit Niederwatt- LED`s beleuchtet und setzen somit die Maschine an jedem Ort ins richtige Licht\u2026<\/p>\n<h3>Coffee Kids<\/h3>\n<p>Mit dem Kauf einer MUSICA unterst\u00fctzt Nuova Simonelli lateinamerikanische Kinder von Kaffee-Plantagen Arbeitern. Hilfe im Hinblick auf Ern\u00e4hrung, Gesundheit und Bildung stehen hier im Vordergrund.<\/p>\n<p>\u00a0<\/p>\n<\/div><\/div><\/div><\/div><\/div>","protected":false},"excerpt":{"rendered":"<p>F\u00fcr all jene, die kaum Platz haben und trotzdem einen Espresso, Kaffee und Co. in Perfektion anbieten wollen. Die Compact-Ausf\u00fchrungen von APPIA II sind schlicht, innovativ und bieten h\u00f6chste Qualit\u00e4t wie die Gro\u00dfen aus der Nuova Simonelli Schmiede. Auf nur 40 cm Breite ist hier alles verbaut was eine Top Espresso Maschine ausmacht und wie &hellip;<\/p>\n","protected":false},"author":1,"featured_media":0,"parent":0,"menu_order":0,"comment_status":"closed","ping_status":"closed","template":"","meta":{"footnotes":""},"class_list":["post-2315","page","type-page","status-publish","hentry"],"_links":{"self":[{"href":"http:\/\/www.cafe-mann.de\/index.php?rest_route=\/wp\/v2\/pages\/2315","targetHints":{"allow":["GET"]}}],"collection":[{"href":"http:\/\/www.cafe-mann.de\/index.php?rest_route=\/wp\/v2\/pages"}],"about":[{"href":"http:\/\/www.cafe-mann.de\/index.php?rest_route=\/wp\/v2\/types\/page"}],"author":[{"embeddable":true,"href":"http:\/\/www.cafe-mann.de\/index.php?rest_route=\/wp\/v2\/users\/1"}],"replies":[{"embeddable":true,"href":"http:\/\/www.cafe-mann.de\/index.php?rest_route=%2Fwp%2Fv2%2Fcomments&post=2315"}],"version-history":[{"count":0,"href":"http:\/\/www.cafe-mann.de\/index.php?rest_route=\/wp\/v2\/pages\/2315\/revisions"}],"wp:attachment":[{"href":"http:\/\/www.cafe-mann.de\/index.php?rest_route=%2Fwp%2Fv2%2Fmedia&parent=2315"}],"curies":[{"name":"wp","href":"https:\/\/api.w.org\/{rel}","templated":true}]}}