{"id":2298,"date":"2015-11-18T23:02:01","date_gmt":"2015-11-18T22:02:01","guid":{"rendered":"http:\/\/www.cafe-mann.de\/?page_id=2298"},"modified":"2016-01-06T10:53:05","modified_gmt":"2016-01-06T09:53:05","slug":"barista-latte-art-schulungen","status":"publish","type":"page","link":"http:\/\/www.cafe-mann.de\/?page_id=2298","title":{"rendered":"Barista \/ Latte Art Schulungen"},"content":{"rendered":"<div id=\"pl-2298\"  class=\"panel-layout\" ><div id=\"pg-2298-0\"  class=\"panel-grid panel-no-style\" ><div id=\"pgc-2298-0-0\"  class=\"panel-grid-cell\" ><div id=\"panel-2298-0-0-0\" class=\"so-panel widget widget_black-studio-tinymce widget_black_studio_tinymce panel-first-child panel-last-child\" data-index=\"0\" ><h3 class=\"widget-title\">Warum Barista Schulungen ?<\/h3><div class=\"textwidget\"><p>Ein Barista ist heutzutage nicht mehr weg zu denken aus der Welt des Kaffees. Wenn Sie mal 20 Jahre zur\u00fcckdenken war ein Kaffee einfach schwarz und hei\u00df. Gegenw\u00e4rtig wird \u00fcber die verschiedenen Geschmacksnoten von fruchtig, grasig, s\u00e4uerlich, erdig, nussig bis hin zu schokoladig philosophiert. Dies ist den immer edleren Import-Kaffees und den verschiedenen R\u00f6stverfahren zu verdanken. Ein Laie k\u00f6nnte mit den verschiedenen R\u00f6stgraden (von hell bis dunkel) nicht viel anfangen. Ein Barista jedoch versteht es das Beste aus der ihm zur Verf\u00fcgung stehenden Bohne rauszuholen. Die K\u00f6nigsdisziplin des Ganzen ist Latte Art (Milch-Kunst). Hier zaubert Ihnen der Barista mit all seinem K\u00f6nnen ein wundersch\u00f6nes Muster aus Milchschaum in den Cappuccino oder Milchkaffee. Diese Kunstwerke (Herz, Blatt usw.) werden Sie nicht nur optisch begeistern, vielmehr ist dies durch den \u00e4u\u00dferst feinporigen Milchschaum ein Geschmackserlebnis. <\/p>\n<\/div><\/div><\/div><\/div><div id=\"pg-2298-1\"  class=\"panel-grid panel-no-style\" ><div id=\"pgc-2298-1-0\"  class=\"panel-grid-cell\" ><div id=\"panel-2298-1-0-0\" class=\"so-panel widget widget_black-studio-tinymce widget_black_studio_tinymce panel-first-child panel-last-child\" data-index=\"1\" ><div class=\"textwidget\"><p><a href=\"http:\/\/www.cafe-mann.de\/wp-content\/uploads\/2015\/11\/zertifikat-barista-1024.jpg\"  rel=\"lightbox[2298] attachment wp-att-2457\"><img loading=\"lazy\" decoding=\"async\" class=\"aligncenter size-full wp-image-2457\" src=\"http:\/\/www.cafe-mann.de\/wp-content\/uploads\/2015\/11\/zertifikat-barista-1024.jpg\" alt=\"zertifikat-barista-1024\" width=\"1024\" height=\"1448\" srcset=\"http:\/\/www.cafe-mann.de\/wp-content\/uploads\/2015\/11\/zertifikat-barista-1024.jpg 1024w, http:\/\/www.cafe-mann.de\/wp-content\/uploads\/2015\/11\/zertifikat-barista-1024-212x300.jpg 212w, http:\/\/www.cafe-mann.de\/wp-content\/uploads\/2015\/11\/zertifikat-barista-1024-768x1086.jpg 768w, http:\/\/www.cafe-mann.de\/wp-content\/uploads\/2015\/11\/zertifikat-barista-1024-724x1024.jpg 724w, http:\/\/www.cafe-mann.de\/wp-content\/uploads\/2015\/11\/zertifikat-barista-1024-392x555.jpg 392w\" sizes=\"auto, (max-width: 1024px) 100vw, 1024px\" \/><\/a><\/p>\n<\/div><\/div><\/div><div id=\"pgc-2298-1-1\"  class=\"panel-grid-cell\" ><div id=\"panel-2298-1-1-0\" class=\"so-panel widget widget_black-studio-tinymce widget_black_studio_tinymce panel-first-child panel-last-child\" data-index=\"2\" ><h3 class=\"widget-title\">Barista \/ Latte Art Schulung<\/h3><div class=\"textwidget\"><p>Ich biete Barista \/ Latte Art Kurse vor Ort an !!!\u00a0\u00a0 \u00a0<\/p>\n<p>Aus dem einzig vern\u00fcnftigen und auch logischen Grund :<br \/>Die Kunden sollen lernen mit Ihrem Arbeitsger\u00e4ten und den \u00f6rtlichen Gegebenheiten umzugehen. Wenn Sie die 5M + W Regel oder Temperatur &amp; Kaffee gelesen haben, werden Sie meine\u00a0 Philosophie verstehen. <br \/>Ich zeige den Teilnehmern den optimalen Umgang mit den Ger\u00e4ten (Maschine \/ M\u00fchle) und die Zubereitung der Produkte in h\u00f6chster Qualit\u00e4t auch in Stress- Situationen. Jeder Teilnehmer wird sehr individuell geschult und auf die neue Arbeitsweise vorbereitet. Meine Kurse werden in keinen Gruppen abgehalten um h\u00f6chste Effektivit\u00e4t zu garantieren. <\/p>\n<p><strong>Termine und Preise auf Anfrage !!!<\/strong><\/p>\n<p>\u00a0<\/p>\n<\/div><\/div><\/div><\/div><div id=\"pg-2298-2\"  class=\"panel-grid panel-no-style\" ><div id=\"pgc-2298-2-0\"  class=\"panel-grid-cell\" ><div id=\"panel-2298-2-0-0\" class=\"so-panel widget widget_black-studio-tinymce widget_black_studio_tinymce panel-first-child panel-last-child\" data-index=\"3\" ><div class=\"textwidget\"><p><a href=\"http:\/\/www.cafe-mann.de\/wp-content\/uploads\/2015\/11\/IMG_0072.jpg\"  rel=\"lightbox[2298] attachment wp-att-2443\"><img loading=\"lazy\" decoding=\"async\" class=\"aligncenter size-full wp-image-2443\" src=\"http:\/\/www.cafe-mann.de\/wp-content\/uploads\/2015\/11\/IMG_0072.jpg\" alt=\"IMG_0072\" width=\"1130\" height=\"2000\" srcset=\"http:\/\/www.cafe-mann.de\/wp-content\/uploads\/2015\/11\/IMG_0072.jpg 1130w, http:\/\/www.cafe-mann.de\/wp-content\/uploads\/2015\/11\/IMG_0072-170x300.jpg 170w, http:\/\/www.cafe-mann.de\/wp-content\/uploads\/2015\/11\/IMG_0072-768x1359.jpg 768w, http:\/\/www.cafe-mann.de\/wp-content\/uploads\/2015\/11\/IMG_0072-579x1024.jpg 579w, http:\/\/www.cafe-mann.de\/wp-content\/uploads\/2015\/11\/IMG_0072-314x555.jpg 314w\" sizes=\"auto, (max-width: 1130px) 100vw, 1130px\" \/><\/a><\/p>\n<\/div><\/div><\/div><div id=\"pgc-2298-2-1\"  class=\"panel-grid-cell\" ><div id=\"panel-2298-2-1-0\" class=\"so-panel widget widget_black-studio-tinymce widget_black_studio_tinymce panel-first-child panel-last-child\" data-index=\"4\" ><div class=\"textwidget\"><p><a href=\"http:\/\/www.cafe-mann.de\/wp-content\/uploads\/2015\/11\/IMG_0083.jpg\"  rel=\"lightbox[2298] attachment wp-att-2444\"><img loading=\"lazy\" decoding=\"async\" class=\"aligncenter size-full wp-image-2444\" src=\"http:\/\/www.cafe-mann.de\/wp-content\/uploads\/2015\/11\/IMG_0083.jpg\" alt=\"IMG_0083\" width=\"800\" height=\"695\" srcset=\"http:\/\/www.cafe-mann.de\/wp-content\/uploads\/2015\/11\/IMG_0083.jpg 800w, http:\/\/www.cafe-mann.de\/wp-content\/uploads\/2015\/11\/IMG_0083-300x261.jpg 300w, http:\/\/www.cafe-mann.de\/wp-content\/uploads\/2015\/11\/IMG_0083-768x667.jpg 768w, http:\/\/www.cafe-mann.de\/wp-content\/uploads\/2015\/11\/IMG_0083-555x482.jpg 555w\" sizes=\"auto, (max-width: 800px) 100vw, 800px\" \/><\/a><\/p>\n<\/div><\/div><\/div><div id=\"pgc-2298-2-2\"  class=\"panel-grid-cell\" ><div id=\"panel-2298-2-2-0\" class=\"so-panel widget widget_black-studio-tinymce widget_black_studio_tinymce panel-first-child panel-last-child\" data-index=\"5\" ><div class=\"textwidget\"><p><a href=\"http:\/\/www.cafe-mann.de\/wp-content\/uploads\/2015\/11\/IMG_1339.jpg\"  rel=\"lightbox[2298] attachment wp-att-2445\"><img loading=\"lazy\" decoding=\"async\" class=\"aligncenter size-full wp-image-2445\" src=\"http:\/\/www.cafe-mann.de\/wp-content\/uploads\/2015\/11\/IMG_1339.jpg\" alt=\"IMG_1339\" width=\"1200\" height=\"1600\" srcset=\"http:\/\/www.cafe-mann.de\/wp-content\/uploads\/2015\/11\/IMG_1339.jpg 1200w, http:\/\/www.cafe-mann.de\/wp-content\/uploads\/2015\/11\/IMG_1339-225x300.jpg 225w, http:\/\/www.cafe-mann.de\/wp-content\/uploads\/2015\/11\/IMG_1339-768x1024.jpg 768w, http:\/\/www.cafe-mann.de\/wp-content\/uploads\/2015\/11\/IMG_1339-416x555.jpg 416w\" sizes=\"auto, (max-width: 1200px) 100vw, 1200px\" \/><\/a><\/p>\n<\/div><\/div><\/div><div id=\"pgc-2298-2-3\"  class=\"panel-grid-cell\" ><div id=\"panel-2298-2-3-0\" class=\"so-panel widget widget_black-studio-tinymce widget_black_studio_tinymce panel-first-child panel-last-child\" data-index=\"6\" ><div class=\"textwidget\"><p><a href=\"http:\/\/www.cafe-mann.de\/wp-content\/uploads\/2015\/11\/IMG_0081.jpg\"  rel=\"lightbox[2298] attachment wp-att-2446\"><img loading=\"lazy\" decoding=\"async\" class=\"aligncenter size-full wp-image-2446\" src=\"http:\/\/www.cafe-mann.de\/wp-content\/uploads\/2015\/11\/IMG_0081.jpg\" alt=\"IMG_0081\" width=\"1130\" height=\"2000\" srcset=\"http:\/\/www.cafe-mann.de\/wp-content\/uploads\/2015\/11\/IMG_0081.jpg 1130w, http:\/\/www.cafe-mann.de\/wp-content\/uploads\/2015\/11\/IMG_0081-170x300.jpg 170w, http:\/\/www.cafe-mann.de\/wp-content\/uploads\/2015\/11\/IMG_0081-768x1359.jpg 768w, http:\/\/www.cafe-mann.de\/wp-content\/uploads\/2015\/11\/IMG_0081-579x1024.jpg 579w, http:\/\/www.cafe-mann.de\/wp-content\/uploads\/2015\/11\/IMG_0081-314x555.jpg 314w\" sizes=\"auto, (max-width: 1130px) 100vw, 1130px\" \/><\/a><\/p>\n<\/div><\/div><\/div><\/div><div id=\"pg-2298-3\"  class=\"panel-grid panel-no-style\" ><div id=\"pgc-2298-3-0\"  class=\"panel-grid-cell\" ><div id=\"panel-2298-3-0-0\" class=\"so-panel widget widget_black-studio-tinymce widget_black_studio_tinymce panel-first-child panel-last-child\" data-index=\"7\" ><div class=\"textwidget\"><p><a href=\"http:\/\/www.cafe-mann.de\/wp-content\/uploads\/2015\/11\/IMG_0526-e1451490143776.jpg\"  rel=\"lightbox[2298] attachment wp-att-2447\"><img loading=\"lazy\" decoding=\"async\" class=\"aligncenter size-full wp-image-2447\" src=\"http:\/\/www.cafe-mann.de\/wp-content\/uploads\/2015\/11\/IMG_0526-e1451490143776.jpg\" alt=\"IMG_0526\" width=\"2448\" height=\"3264\" srcset=\"http:\/\/www.cafe-mann.de\/wp-content\/uploads\/2015\/11\/IMG_0526-e1451490143776.jpg 2448w, http:\/\/www.cafe-mann.de\/wp-content\/uploads\/2015\/11\/IMG_0526-e1451490143776-225x300.jpg 225w, http:\/\/www.cafe-mann.de\/wp-content\/uploads\/2015\/11\/IMG_0526-e1451490143776-768x1024.jpg 768w, http:\/\/www.cafe-mann.de\/wp-content\/uploads\/2015\/11\/IMG_0526-e1451490143776-416x555.jpg 416w\" sizes=\"auto, (max-width: 2448px) 100vw, 2448px\" \/><\/a><\/p>\n<\/div><\/div><\/div><div id=\"pgc-2298-3-1\"  class=\"panel-grid-cell\" ><div id=\"panel-2298-3-1-0\" class=\"so-panel widget widget_black-studio-tinymce widget_black_studio_tinymce panel-first-child panel-last-child\" data-index=\"8\" ><div class=\"textwidget\"><p><a href=\"http:\/\/www.cafe-mann.de\/wp-content\/uploads\/2015\/11\/IMG_0076.jpg\"  rel=\"lightbox[2298] attachment wp-att-2448\"><img loading=\"lazy\" decoding=\"async\" class=\"aligncenter size-full wp-image-2448\" src=\"http:\/\/www.cafe-mann.de\/wp-content\/uploads\/2015\/11\/IMG_0076.jpg\" alt=\"IMG_0076\" width=\"480\" height=\"800\" srcset=\"http:\/\/www.cafe-mann.de\/wp-content\/uploads\/2015\/11\/IMG_0076.jpg 480w, http:\/\/www.cafe-mann.de\/wp-content\/uploads\/2015\/11\/IMG_0076-180x300.jpg 180w, http:\/\/www.cafe-mann.de\/wp-content\/uploads\/2015\/11\/IMG_0076-333x555.jpg 333w\" sizes=\"auto, (max-width: 480px) 100vw, 480px\" \/><\/a><\/p>\n<\/div><\/div><\/div><div id=\"pgc-2298-3-2\"  class=\"panel-grid-cell\" ><div id=\"panel-2298-3-2-0\" class=\"so-panel widget widget_black-studio-tinymce widget_black_studio_tinymce panel-first-child panel-last-child\" data-index=\"9\" ><div class=\"textwidget\"><p><a href=\"http:\/\/www.cafe-mann.de\/wp-content\/uploads\/2015\/11\/IMG_0075.jpg\"  rel=\"lightbox[2298] attachment wp-att-2449\"><img loading=\"lazy\" decoding=\"async\" class=\"aligncenter size-full wp-image-2449\" src=\"http:\/\/www.cafe-mann.de\/wp-content\/uploads\/2015\/11\/IMG_0075.jpg\" alt=\"IMG_0075\" width=\"1130\" height=\"2000\" srcset=\"http:\/\/www.cafe-mann.de\/wp-content\/uploads\/2015\/11\/IMG_0075.jpg 1130w, http:\/\/www.cafe-mann.de\/wp-content\/uploads\/2015\/11\/IMG_0075-170x300.jpg 170w, http:\/\/www.cafe-mann.de\/wp-content\/uploads\/2015\/11\/IMG_0075-768x1359.jpg 768w, http:\/\/www.cafe-mann.de\/wp-content\/uploads\/2015\/11\/IMG_0075-579x1024.jpg 579w, http:\/\/www.cafe-mann.de\/wp-content\/uploads\/2015\/11\/IMG_0075-314x555.jpg 314w\" sizes=\"auto, (max-width: 1130px) 100vw, 1130px\" \/><\/a><\/p>\n<\/div><\/div><\/div><div id=\"pgc-2298-3-3\"  class=\"panel-grid-cell\" ><div id=\"panel-2298-3-3-0\" class=\"so-panel widget widget_black-studio-tinymce widget_black_studio_tinymce panel-first-child panel-last-child\" data-index=\"10\" ><div class=\"textwidget\"><p><a href=\"http:\/\/www.cafe-mann.de\/wp-content\/uploads\/2015\/11\/IMG_0078.jpg\"  rel=\"lightbox[2298] attachment wp-att-2450\"><img loading=\"lazy\" decoding=\"async\" class=\"aligncenter size-full wp-image-2450\" src=\"http:\/\/www.cafe-mann.de\/wp-content\/uploads\/2015\/11\/IMG_0078.jpg\" alt=\"IMG_0078\" width=\"1520\" height=\"2688\" srcset=\"http:\/\/www.cafe-mann.de\/wp-content\/uploads\/2015\/11\/IMG_0078.jpg 1520w, http:\/\/www.cafe-mann.de\/wp-content\/uploads\/2015\/11\/IMG_0078-170x300.jpg 170w, http:\/\/www.cafe-mann.de\/wp-content\/uploads\/2015\/11\/IMG_0078-768x1358.jpg 768w, http:\/\/www.cafe-mann.de\/wp-content\/uploads\/2015\/11\/IMG_0078-579x1024.jpg 579w, http:\/\/www.cafe-mann.de\/wp-content\/uploads\/2015\/11\/IMG_0078-314x555.jpg 314w\" sizes=\"auto, (max-width: 1520px) 100vw, 1520px\" \/><\/a><\/p>\n<\/div><\/div><\/div><\/div><\/div>","protected":false},"excerpt":{"rendered":"<p>Ein Barista ist heutzutage nicht mehr weg zu denken aus der Welt des Kaffees. Wenn Sie mal 20 Jahre zur\u00fcckdenken war ein Kaffee einfach schwarz und hei\u00df. Gegenw\u00e4rtig wird \u00fcber die verschiedenen Geschmacksnoten von fruchtig, grasig, s\u00e4uerlich, erdig, nussig bis hin zu schokoladig philosophiert. Dies ist den immer edleren Import-Kaffees und den verschiedenen R\u00f6stverfahren zu &hellip;<\/p>\n","protected":false},"author":1,"featured_media":0,"parent":0,"menu_order":0,"comment_status":"closed","ping_status":"closed","template":"","meta":{"footnotes":""},"class_list":["post-2298","page","type-page","status-publish","hentry"],"_links":{"self":[{"href":"http:\/\/www.cafe-mann.de\/index.php?rest_route=\/wp\/v2\/pages\/2298","targetHints":{"allow":["GET"]}}],"collection":[{"href":"http:\/\/www.cafe-mann.de\/index.php?rest_route=\/wp\/v2\/pages"}],"about":[{"href":"http:\/\/www.cafe-mann.de\/index.php?rest_route=\/wp\/v2\/types\/page"}],"author":[{"embeddable":true,"href":"http:\/\/www.cafe-mann.de\/index.php?rest_route=\/wp\/v2\/users\/1"}],"replies":[{"embeddable":true,"href":"http:\/\/www.cafe-mann.de\/index.php?rest_route=%2Fwp%2Fv2%2Fcomments&post=2298"}],"version-history":[{"count":0,"href":"http:\/\/www.cafe-mann.de\/index.php?rest_route=\/wp\/v2\/pages\/2298\/revisions"}],"wp:attachment":[{"href":"http:\/\/www.cafe-mann.de\/index.php?rest_route=%2Fwp%2Fv2%2Fmedia&parent=2298"}],"curies":[{"name":"wp","href":"https:\/\/api.w.org\/{rel}","templated":true}]}}