{"id":2155,"date":"2015-09-10T17:25:07","date_gmt":"2015-09-10T15:25:07","guid":{"rendered":"http:\/\/www.cafe-mann.de\/?page_id=2155"},"modified":"2020-11-20T17:17:54","modified_gmt":"2020-11-20T16:17:54","slug":"startseite","status":"publish","type":"page","link":"http:\/\/www.cafe-mann.de\/","title":{"rendered":"Startseite"},"content":{"rendered":"<div id=\"pl-2155\"  class=\"panel-layout\" ><div id=\"pg-2155-0\"  class=\"panel-grid panel-no-style\" ><div id=\"pgc-2155-0-0\"  class=\"panel-grid-cell\" ><div id=\"panel-2155-0-0-0\" class=\"so-panel widget widget_black-studio-tinymce widget_black_studio_tinymce panel-first-child panel-last-child\" data-index=\"0\" ><div class=\"textwidget\"><\/div><\/div><\/div><\/div><div id=\"pg-2155-1\"  class=\"panel-grid panel-no-style\" ><div id=\"pgc-2155-1-0\"  class=\"panel-grid-cell\" ><div id=\"panel-2155-1-0-0\" class=\"so-panel widget widget_text panel-first-child panel-last-child\" data-index=\"1\" >\t\t\t<div class=\"textwidget\"><span class=\"icon-container\"><span class=\"fa fa-home\"><\/span><\/span> <b>Cafe-Mann<\/b><br>\nBlumenstra\u00dfe 8<br>\n76474 Au am Rhein<br><br>\n<span class=\"icon-container\"><span class=\"fa fa-phone\"><\/span><\/span> <b>0171\/22 99 335<\/b><br>\n<span class=\"icon-container\"><span class=\"fa fa-envelope\"><\/span><\/span> <a href=\"mailto:info@cafe-mann.de\">info@cafe-mann.de<\/a><br><br>\n<\/div>\n\t\t<\/div><\/div><div id=\"pgc-2155-1-1\"  class=\"panel-grid-cell\" ><div id=\"panel-2155-1-1-0\" class=\"so-panel widget widget_black-studio-tinymce widget_black_studio_tinymce panel-first-child panel-last-child\" data-index=\"2\" ><h3 class=\"widget-title\">Wilkommen bei Cafe-Mann.de !<\/h3><div class=\"textwidget\"><p>Ich begr\u00fc\u00dfe Sie auf der Homepage f\u00fcr Kaffeeliebhaber und Profis.<\/p>\n<p>Im Jahre 1995 wurde eine Leidenschaft zum Beruf, der bis heute mit viel Liebe zum Detail ausge\u00fcbt wird. Wir haben es uns zur Aufgabe gemacht, die Italienische Kaffeekultur mit allem was dazugeh\u00f6rt, in unserem Gebiet zu verbreiten. Von Maschinen bis hin zu Barista \/ Latte Art Schulungen finden Sie hier alles was das Herz eines anspruchsvollen Kaffeeliebhabers begehrt.<\/p>\n<p>Es w\u00e4re uns eine Freude, Ihnen mit unserer langj\u00e4hrigen Erfahrung zur Seite stehen zu d\u00fcrfen\u2026<\/p>\n<p style=\"text-align: center;\"><a href=\"http:\/\/www.cafe-mann.de\/wp-content\/uploads\/2015\/09\/coffee_selection.jpg\"  rel=\"lightbox[2155] attachment wp-att-2219\"><img loading=\"lazy\" decoding=\"async\" class=\"alignnone  wp-image-2219\" src=\"http:\/\/www.cafe-mann.de\/wp-content\/uploads\/2015\/09\/coffee_selection-300x168.jpg\" alt=\"coffee_selection\" width=\"502\" height=\"281\" srcset=\"http:\/\/www.cafe-mann.de\/wp-content\/uploads\/2015\/09\/coffee_selection-300x168.jpg 300w, http:\/\/www.cafe-mann.de\/wp-content\/uploads\/2015\/09\/coffee_selection.jpg 475w\" sizes=\"auto, (max-width: 502px) 100vw, 502px\" \/><\/a><\/p>\n<p style=\"text-align: left;\">\u00a0<\/p>\n<p>\u00a0<\/p>\n<p>\u00a0<\/p>\n<\/div><\/div><\/div><\/div><\/div>","protected":false},"excerpt":{"rendered":"<p>Cafe-Mann Blumenstra\u00dfe 8 76474 Au am Rhein 0171\/22 99 335 info@cafe-mann.de Ich begr\u00fc\u00dfe Sie auf der Homepage f\u00fcr Kaffeeliebhaber und Profis.Im Jahre 1995 wurde eine Leidenschaft zum Beruf, der bis heute mit viel Liebe zum Detail ausge\u00fcbt wird. Wir haben es uns zur Aufgabe gemacht, die Italienische Kaffeekultur mit allem was dazugeh\u00f6rt, in unserem Gebiet &hellip;<\/p>\n","protected":false},"author":1,"featured_media":0,"parent":0,"menu_order":0,"comment_status":"closed","ping_status":"closed","template":"template-front-page-slider.php","meta":{"footnotes":""},"class_list":["post-2155","page","type-page","status-publish","hentry"],"_links":{"self":[{"href":"http:\/\/www.cafe-mann.de\/index.php?rest_route=\/wp\/v2\/pages\/2155","targetHints":{"allow":["GET"]}}],"collection":[{"href":"http:\/\/www.cafe-mann.de\/index.php?rest_route=\/wp\/v2\/pages"}],"about":[{"href":"http:\/\/www.cafe-mann.de\/index.php?rest_route=\/wp\/v2\/types\/page"}],"author":[{"embeddable":true,"href":"http:\/\/www.cafe-mann.de\/index.php?rest_route=\/wp\/v2\/users\/1"}],"replies":[{"embeddable":true,"href":"http:\/\/www.cafe-mann.de\/index.php?rest_route=%2Fwp%2Fv2%2Fcomments&post=2155"}],"version-history":[{"count":2,"href":"http:\/\/www.cafe-mann.de\/index.php?rest_route=\/wp\/v2\/pages\/2155\/revisions"}],"predecessor-version":[{"id":2673,"href":"http:\/\/www.cafe-mann.de\/index.php?rest_route=\/wp\/v2\/pages\/2155\/revisions\/2673"}],"wp:attachment":[{"href":"http:\/\/www.cafe-mann.de\/index.php?rest_route=%2Fwp%2Fv2%2Fmedia&parent=2155"}],"curies":[{"name":"wp","href":"https:\/\/api.w.org\/{rel}","templated":true}]}}